{"id":1251,"date":"2018-07-05T10:36:00","date_gmt":"2018-07-05T07:36:00","guid":{"rendered":"http:\/\/www.seleksaninsaat.com\/?page_id=1251"},"modified":"2018-10-13T14:41:37","modified_gmt":"2018-10-13T11:41:37","slug":"atapark","status":"publish","type":"page","link":"https:\/\/www.seleksaninsaat.com\/?page_id=1251","title":{"rendered":"ATAPARK RESIDENCE"},"content":{"rendered":"<p>[vc_row][vc_column width=&#8221;2\/3&#8243;][vc_single_image image=&#8221;1242&#8243; img_size=&#8221;full&#8221; onclick=&#8221;link_image&#8221;][\/vc_column][vc_column width=&#8221;1\/3&#8243;][vc_column_text]<\/p>\n<p>&nbsp;<\/p>\n<p>ATAPARK RESIDENCE Masa Da\u011f\u0131\u2019n\u0131n en b\u00fcy\u00fck adas\u0131nda Bar\u0131\u015f Man\u00e7o bulvar\u0131nda in\u015fa ediliyor.[\/vc_column_text][\/vc_column][\/vc_row][vc_row][vc_column][vc_empty_space height=&#8221;300px&#8221; hide_on_mobile=&#8221;&#8221;][vc_empty_space height=&#8221;300px&#8221; hide_on_mobile=&#8221;&#8221;][\/vc_column][\/vc_row][vc_row][vc_column][vc_single_image image=&#8221;1241&#8243; img_size=&#8221;full&#8221; onclick=&#8221;link_image&#8221; css_animation=&#8221;left-to-right&#8221;][\/vc_column][\/vc_row][vc_row][vc_column][vc_empty_space hide_on_mobile=&#8221;&#8221;][\/vc_column][\/vc_row][vc_row][vc_column width=&#8221;1\/4&#8243;][vc_column_text]<\/p>\n<p>M\u00fc\u015fterilerine ger\u00e7ek residence keyfini ya\u015fatmay\u0131 hedefleyen proje\u2019de her daireye \u00f6zel kapal\u0131 otopark\u0131n yan\u0131 s\u0131ra yine her daireye \u00f6zel s\u0131\u011f\u0131nak projelendirilmi\u015ftir. A\u00e7\u0131k ve kapal\u0131 sosyal alanlar\u0131 ve giri\u015finde bulunan devasa ticari alan\u0131n hemen \u00fczerine planlanm\u0131\u015ft\u0131r. Gelece\u011fimizin teminat\u0131 \u00e7ocuklar\u0131m\u0131z\u0131n ve aile fertlerinin huzur ve g\u00fcvenin oldu\u011fu bir ortam geli\u015ftirmek i\u00e7in a\u00e7\u0131k sosyal alanlar\u0131m\u0131z\u0131 +7.00 m kotunda in\u015faa ediyoruz.[\/vc_column_text][\/vc_column][vc_column width=&#8221;3\/4&#8243;][vc_single_image image=&#8221;1244&#8243; img_size=&#8221;large&#8221; onclick=&#8221;link_image&#8221;][\/vc_column][\/vc_row][vc_row][vc_column][vc_empty_space hide_on_mobile=&#8221;&#8221;][\/vc_column][\/vc_row][vc_row][vc_column width=&#8221;1\/4&#8243;][vc_single_image image=&#8221;1243&#8243; img_size=&#8221;full&#8221; onclick=&#8221;link_image&#8221;][\/vc_column][vc_column width=&#8221;1\/4&#8243;][vc_single_image image=&#8221;1241&#8243; img_size=&#8221;full&#8221; onclick=&#8221;link_image&#8221;][\/vc_column][vc_column width=&#8221;1\/4&#8243;][vc_single_image image=&#8221;1239&#8243; img_size=&#8221;full&#8221; onclick=&#8221;link_image&#8221;][\/vc_column][vc_column width=&#8221;1\/4&#8243;][vc_single_image image=&#8221;1245&#8243; img_size=&#8221;full&#8221; onclick=&#8221;link_image&#8221;][\/vc_column][\/vc_row][vc_row][vc_column][vc_empty_space hide_on_mobile=&#8221;&#8221;][\/vc_column][\/vc_row][vc_row][vc_column width=&#8221;2\/3&#8243;][vc_single_image image=&#8221;1248&#8243; img_size=&#8221;full&#8221; onclick=&#8221;link_image&#8221;][\/vc_column][vc_column width=&#8221;1\/3&#8243;][vc_column_text]<\/p>\n<p>&nbsp;<\/p>\n<p>&nbsp;<\/p>\n<p>&nbsp;<\/p>\n<p>&nbsp;<\/p>\n<p>Geni\u015f ve ferah daireler modern tasar\u0131mlar\u0131yla da \u015fimdiden b\u00f6lgenin en iyi yap\u0131s\u0131 olmaya aday.<\/p>\n<p>Proje detaylar\u0131 i\u00e7in galerimizi inceleyebilir veya deneyimli personelimizle sizleri sat\u0131\u015f ofisimizde a\u011f\u0131rlamaktan mutluluk duyar\u0131z.[\/vc_column_text][\/vc_column][\/vc_row][vc_row][vc_column width=&#8221;1\/2&#8243;][vc_empty_space hide_on_mobile=&#8221;&#8221;][\/vc_column][\/vc_row][vc_row][vc_column][vc_single_image image=&#8221;1329&#8243; img_size=&#8221;full&#8221; onclick=&#8221;link_image&#8221;][\/vc_column][\/vc_row][vc_row][vc_column][vc_empty_space hide_on_mobile=&#8221;&#8221;][\/vc_column][\/vc_row][vc_row][vc_column width=&#8221;2\/3&#8243;][vc_gmaps link=&#8221;#E-8_JTNDaWZyYW1lJTIwc3JjJTNEJTIyaHR0cHMlM0ElMkYlMkZ3d3cuZ29vZ2xlLmNvbSUyRm1hcHMlMkZlbWJlZCUzRnBiJTNEJTIxMW0xOCUyMTFtMTIlMjExbTMlMjExZDExMjcuMzMyMjk5MjE3ODc0NiUyMTJkMzAuNjc4ODM1OTY5MTY3MzI0JTIxM2QzNi45NDgyNjgwOTYwNjAzNDYlMjEybTMlMjExZjAlMjEyZjAlMjEzZjAlMjEzbTIlMjExaTEwMjQlMjEyaTc2OCUyMTRmMTMuMSUyMTNtMyUyMTFtMiUyMTFzMHgxNGMzOGYxMDZmZGM0OWE5JTI1M0EweDNmMWFmNjE3ZWNjYzcxY2IlMjEyc0F0YWtlbnQlMkJTaXRlc2klMjE1ZTAlMjEzbTIlMjExc3RyJTIxMnN0ciUyMTR2MTUzMDE4NDk0ODEwNiUyMiUyMHdpZHRoJTNEJTIyNjAwJTIyJTIwaGVpZ2h0JTNEJTIyNDUwJTIyJTIwZnJhbWVib3JkZXIlM0QlMjIwJTIyJTIwc3R5bGUlM0QlMjJib3JkZXIlM0EwJTIyJTIwYWxsb3dmdWxsc2NyZWVuJTNFJTNDJTJGaWZyYW1lJTNF&#8221;][\/vc_column][vc_column width=&#8221;1\/3&#8243;][vc_single_image image=&#8221;1247&#8243; img_size=&#8221;large&#8221; onclick=&#8221;link_image&#8221;][\/vc_column][\/vc_row]<\/p>\n","protected":false},"excerpt":{"rendered":"<p>[vc_row][vc_column width=&#8221;2\/3&#8243;][vc_single_image image=&#8221;1242&#8243; img_size=&#8221;full&#8221; onclick=&#8221;link_image&#8221;][\/vc_column][vc_column width=&#8221;1\/3&#8243;][vc_column_text] &nbsp; ATAPARK RESIDENCE Masa Da\u011f\u0131\u2019n\u0131n en b\u00fcy\u00fck adas\u0131nda Bar\u0131\u015f Man\u00e7o bulvar\u0131nda in\u015fa ediliyor.[\/vc_column_text][\/vc_column][\/vc_row][vc_row][vc_column][vc_empty_space height=&#8221;300px&#8221; hide_on_mobile=&#8221;&#8221;][vc_empty_space height=&#8221;300px&#8221; hide_on_mobile=&#8221;&#8221;][\/vc_column][\/vc_row][vc_row][vc_column][vc_single_image image=&#8221;1241&#8243; img_size=&#8221;full&#8221; onclick=&#8221;link_image&#8221; css_animation=&#8221;left-to-right&#8221;][\/vc_column][\/vc_row][vc_row][vc_column][vc_empty_space hide_on_mobile=&#8221;&#8221;][\/vc_column][\/vc_row][vc_row][vc_column width=&#8221;1\/4&#8243;][vc_column_text] M\u00fc\u015fterilerine ger\u00e7ek residence keyfini ya\u015fatmay\u0131 hedefleyen proje\u2019de her daireye \u00f6zel kapal\u0131 otopark\u0131n yan\u0131 s\u0131ra yine her&hellip;<\/p>\n","protected":false},"author":1,"featured_media":0,"parent":0,"menu_order":0,"comment_status":"closed","ping_status":"closed","template":"","meta":{"footnotes":""},"class_list":["post-1251","page","type-page","status-publish","hentry"],"_links":{"self":[{"href":"https:\/\/www.seleksaninsaat.com\/index.php?rest_route=\/wp\/v2\/pages\/1251","targetHints":{"allow":["GET"]}}],"collection":[{"href":"https:\/\/www.seleksaninsaat.com\/index.php?rest_route=\/wp\/v2\/pages"}],"about":[{"href":"https:\/\/www.seleksaninsaat.com\/index.php?rest_route=\/wp\/v2\/types\/page"}],"author":[{"embeddable":true,"href":"https:\/\/www.seleksaninsaat.com\/index.php?rest_route=\/wp\/v2\/users\/1"}],"replies":[{"embeddable":true,"href":"https:\/\/www.seleksaninsaat.com\/index.php?rest_route=%2Fwp%2Fv2%2Fcomments&post=1251"}],"version-history":[{"count":2,"href":"https:\/\/www.seleksaninsaat.com\/index.php?rest_route=\/wp\/v2\/pages\/1251\/revisions"}],"predecessor-version":[{"id":1330,"href":"https:\/\/www.seleksaninsaat.com\/index.php?rest_route=\/wp\/v2\/pages\/1251\/revisions\/1330"}],"wp:attachment":[{"href":"https:\/\/www.seleksaninsaat.com\/index.php?rest_route=%2Fwp%2Fv2%2Fmedia&parent=1251"}],"curies":[{"name":"wp","href":"https:\/\/api.w.org\/{rel}","templated":true}]}}