{"id":1252,"date":"2018-06-28T14:31:03","date_gmt":"2018-06-28T11:31:03","guid":{"rendered":"http:\/\/www.seleksaninsaat.com\/?page_id=1252"},"modified":"2018-06-28T15:17:26","modified_gmt":"2018-06-28T12:17:26","slug":"cankayaparkevleri","status":"publish","type":"page","link":"https:\/\/www.seleksaninsaat.com\/?page_id=1252","title":{"rendered":"\u00c7ANKAYA PARK EVLER\u0130"},"content":{"rendered":"<p>[vc_row][vc_column width=&#8221;2\/3&#8243;][vc_single_image image=&#8221;1256&#8243; img_size=&#8221;full&#8221; onclick=&#8221;link_image&#8221;][\/vc_column][vc_column width=&#8221;1\/3&#8243;][vc_column_text]&nbsp;<\/p>\n<p>&nbsp;<\/p>\n<p>\u00c7ANKAYA PARK EVLER\u0130; SELEKSAN \u0130N\u015eAAT \u2018\u0131n devasa Masa Da\u011f\u0131 projesinin ilk etab\u0131d\u0131r. 2 d\u00f6n\u00fcm \u00fczerine in\u015fa edilen bu projemiz e\u015fsiz do\u011fa manzaras\u0131 ve hemen yan\u0131nda konu\u015flanacak 200 D\u00f6n\u00fcml\u00fck Kepez Belediyesi Simge Park projesinin hemen yan\u0131 ba\u015f\u0131ndad\u0131r.[\/vc_column_text][\/vc_column][\/vc_row][vc_row][vc_column][vc_empty_space height=&#8221;300px&#8221; hide_on_mobile=&#8221;&#8221;][vc_empty_space height=&#8221;300px&#8221; hide_on_mobile=&#8221;&#8221;][\/vc_column][\/vc_row][vc_row][vc_column][vc_single_image image=&#8221;1259&#8243; img_size=&#8221;full&#8221; onclick=&#8221;link_image&#8221; css_animation=&#8221;left-to-right&#8221;][\/vc_column][\/vc_row][vc_row][vc_column][vc_empty_space hide_on_mobile=&#8221;&#8221;][\/vc_column][\/vc_row][vc_row][vc_column width=&#8221;1\/4&#8243;][vc_column_text]&nbsp;<\/p>\n<p>Ailenizle \u015fehrin nemli havas\u0131ndan kurtulmak i\u00e7in en yak\u0131n noktada in\u015fa ediliyor. \u00c7evresinde yap\u0131lacak SELEKSAN \u0130N\u015eAAT AVM projeleri ile de\u011ferine de\u011fer katarken sizlere de karl\u0131 yat\u0131r\u0131m\u0131n f\u0131rsat\u0131n\u0131 sunuyor.[\/vc_column_text][\/vc_column][vc_column width=&#8221;3\/4&#8243;][vc_single_image image=&#8221;1260&#8243; img_size=&#8221;large&#8221; onclick=&#8221;link_image&#8221;][\/vc_column][\/vc_row][vc_row][vc_column][vc_empty_space hide_on_mobile=&#8221;&#8221;][\/vc_column][\/vc_row][vc_row][vc_column][vc_empty_space hide_on_mobile=&#8221;&#8221;][\/vc_column][\/vc_row][vc_row][vc_column width=&#8221;2\/3&#8243;][vc_single_image image=&#8221;1257&#8243; img_size=&#8221;full&#8221; onclick=&#8221;link_image&#8221;][\/vc_column][vc_column width=&#8221;1\/3&#8243;][vc_column_text]&nbsp;<\/p>\n<p>&nbsp;<\/p>\n<p>&nbsp;<\/p>\n<p>&nbsp;<\/p>\n<p>&nbsp;<\/p>\n<p>Proje detaylar\u0131 i\u00e7in galerimizi inceleyebilir veya deneyimli personelimizle sizleri sat\u0131\u015f ofisimizde a\u011f\u0131rlamaktan mutluluk duyar\u0131z.[\/vc_column_text][\/vc_column][\/vc_row][vc_row][vc_column width=&#8221;1\/2&#8243;][vc_empty_space hide_on_mobile=&#8221;&#8221;][\/vc_column][\/vc_row][vc_row][vc_column][vc_single_image image=&#8221;1261&#8243; img_size=&#8221;full&#8221; onclick=&#8221;link_image&#8221;][\/vc_column][\/vc_row][vc_row][vc_column][vc_empty_space hide_on_mobile=&#8221;&#8221;][\/vc_column][\/vc_row][vc_row][vc_column width=&#8221;2\/3&#8243;][vc_gmaps link=&#8221;#E-8_JTNDaWZyYW1lJTIwc3JjJTNEJTIyaHR0cHMlM0ElMkYlMkZ3d3cuZ29vZ2xlLmNvbSUyRm1hcHMlMkZlbWJlZCUzRnBiJTNEJTIxMW0xOCUyMTFtMTIlMjExbTMlMjExZDExMjcuMzMyMjk5MjE3ODc0NiUyMTJkMzAuNjc4ODM1OTY5MTY3MzI0JTIxM2QzNi45NDgyNjgwOTYwNjAzNDYlMjEybTMlMjExZjAlMjEyZjAlMjEzZjAlMjEzbTIlMjExaTEwMjQlMjEyaTc2OCUyMTRmMTMuMSUyMTNtMyUyMTFtMiUyMTFzMHgxNGMzOGYxMDZmZGM0OWE5JTI1M0EweDNmMWFmNjE3ZWNjYzcxY2IlMjEyc0F0YWtlbnQlMkJTaXRlc2klMjE1ZTAlMjEzbTIlMjExc3RyJTIxMnN0ciUyMTR2MTUzMDE4NDk0ODEwNiUyMiUyMHdpZHRoJTNEJTIyNjAwJTIyJTIwaGVpZ2h0JTNEJTIyNDUwJTIyJTIwZnJhbWVib3JkZXIlM0QlMjIwJTIyJTIwc3R5bGUlM0QlMjJib3JkZXIlM0EwJTIyJTIwYWxsb3dmdWxsc2NyZWVuJTNFJTNDJTJGaWZyYW1lJTNF&#8221;][\/vc_column][vc_column width=&#8221;1\/3&#8243;][vc_single_image image=&#8221;1262&#8243; img_size=&#8221;large&#8221; onclick=&#8221;link_image&#8221;][\/vc_column][\/vc_row]<\/p>\n","protected":false},"excerpt":{"rendered":"<p>[vc_row][vc_column width=&#8221;2\/3&#8243;][vc_single_image image=&#8221;1256&#8243; img_size=&#8221;full&#8221; onclick=&#8221;link_image&#8221;][\/vc_column][vc_column width=&#8221;1\/3&#8243;][vc_column_text]&nbsp; &nbsp; \u00c7ANKAYA PARK EVLER\u0130; SELEKSAN \u0130N\u015eAAT \u2018\u0131n devasa Masa Da\u011f\u0131 projesinin ilk etab\u0131d\u0131r. 2 d\u00f6n\u00fcm \u00fczerine in\u015fa edilen bu projemiz e\u015fsiz do\u011fa manzaras\u0131 ve hemen yan\u0131nda konu\u015flanacak 200 D\u00f6n\u00fcml\u00fck Kepez Belediyesi Simge Park projesinin hemen yan\u0131 ba\u015f\u0131ndad\u0131r.[\/vc_column_text][\/vc_column][\/vc_row][vc_row][vc_column][vc_empty_space height=&#8221;300px&#8221; hide_on_mobile=&#8221;&#8221;][vc_empty_space&hellip;<\/p>\n","protected":false},"author":1,"featured_media":0,"parent":0,"menu_order":0,"comment_status":"closed","ping_status":"closed","template":"","meta":{"footnotes":""},"class_list":["post-1252","page","type-page","status-publish","hentry"],"_links":{"self":[{"href":"https:\/\/www.seleksaninsaat.com\/index.php?rest_route=\/wp\/v2\/pages\/1252","targetHints":{"allow":["GET"]}}],"collection":[{"href":"https:\/\/www.seleksaninsaat.com\/index.php?rest_route=\/wp\/v2\/pages"}],"about":[{"href":"https:\/\/www.seleksaninsaat.com\/index.php?rest_route=\/wp\/v2\/types\/page"}],"author":[{"embeddable":true,"href":"https:\/\/www.seleksaninsaat.com\/index.php?rest_route=\/wp\/v2\/users\/1"}],"replies":[{"embeddable":true,"href":"https:\/\/www.seleksaninsaat.com\/index.php?rest_route=%2Fwp%2Fv2%2Fcomments&post=1252"}],"version-history":[{"count":3,"href":"https:\/\/www.seleksaninsaat.com\/index.php?rest_route=\/wp\/v2\/pages\/1252\/revisions"}],"predecessor-version":[{"id":1523,"href":"https:\/\/www.seleksaninsaat.com\/index.php?rest_route=\/wp\/v2\/pages\/1252\/revisions\/1523"}],"wp:attachment":[{"href":"https:\/\/www.seleksaninsaat.com\/index.php?rest_route=%2Fwp%2Fv2%2Fmedia&parent=1252"}],"curies":[{"name":"wp","href":"https:\/\/api.w.org\/{rel}","templated":true}]}}