{"id":147,"date":"2017-01-10T15:48:42","date_gmt":"2017-01-10T12:48:42","guid":{"rendered":"http:\/\/www.seleksaninsaat.com\/?page_id=147"},"modified":"2018-07-02T11:09:23","modified_gmt":"2018-07-02T08:09:23","slug":"seleksanloft","status":"publish","type":"page","link":"https:\/\/www.seleksaninsaat.com\/?page_id=147","title":{"rendered":"Seleksan LOFT"},"content":{"rendered":"<p>[vc_row][vc_column width=&#8221;1\/6&#8243;][vc_btn title=&#8221;D\u0131\u015f Cephe&#8221; color=&#8221;black&#8221; link=&#8221;url:http%3A%2F%2Fwww.seleksaninsaat.com%2Floftdiscephe3|title:DI%C5%9E%20CEPHE||&#8221;][\/vc_column][vc_column width=&#8221;1\/6&#8243;][vc_btn title=&#8221;\u0130\u00e7 Mekan&#8221; color=&#8221;black&#8221; link=&#8221;url:http%3A%2F%2Fwww.seleksaninsaat.com%2Floftdiscephe%2Flofticmekan%2F|title:DI%C5%9E%20CEPHE||&#8221;][\/vc_column][vc_column width=&#8221;1\/6&#8243;][vc_btn title=&#8221;Kat Planlar\u0131&#8221; color=&#8221;black&#8221; link=&#8221;url:http%3A%2F%2Fwww.seleksaninsaat.com%2Floftplan|title:DI%C5%9E%20CEPHE||&#8221;][\/vc_column][vc_column width=&#8221;1\/6&#8243;][vc_btn title=&#8221;Sosyal Alanlar&#8221; color=&#8221;black&#8221; link=&#8221;url:http%3A%2F%2Fwww.seleksaninsaat.com%2Floftsosyal2|title:Sosyal||&#8221;][\/vc_column][vc_column width=&#8221;1\/6&#8243;][vc_btn title=&#8221;Konum&#8221; color=&#8221;black&#8221; link=&#8221;url:http%3A%2F%2Fwww.seleksaninsaat.com%2Floftkonum|title:Sosyal||&#8221;][\/vc_column][vc_column width=&#8221;1\/6&#8243;][\/vc_column][\/vc_row][vc_row][vc_column width=&#8221;1\/2&#8243;][vc_single_image image=&#8221;1028&#8243; img_size=&#8221;large&#8221; onclick=&#8221;link_image&#8221;][\/vc_column][vc_column width=&#8221;1\/2&#8243;][vc_column_text]214 Daire, 1000 m2 Kapal\u0131 sosyal tesis ve 4500 m2 a\u00e7\u0131k sosyal alanlar\u0131 ile 4 bloktan olu\u015fan ve t\u00fcm ihtiya\u00e7lar\u0131n\u0131za cevap verecek avm \u00fczerine in\u015fa edilen l\u00fcx konut projemizde sizlere konforu ve kaliteli ya\u015fam\u0131 vaat ediyoruz.<\/p>\n<p>SELEKSAN LOFT \u00d6zg\u00fcn tasar\u0131m\u0131, ya\u015fam\u0131 kolayla\u015ft\u0131ran \u00e7izgileri ve sosyal alanlar\u0131 ile b\u00f6lgeye ciddi bir de\u011fer kazand\u0131rmay\u0131 hedefliyor.<\/p>\n<p>Ki\u015fiye \u00f6zel \u00f6deme se\u00e7eneklerimiz, vade farks\u0131z 0 faiz avantajlar\u0131, pe\u015fin fiyat\u0131na uzun taksit se\u00e7enekleri ve Seleksan Finans Sistemi ile karl\u0131 sat\u0131\u015f avantajlar\u0131yla tamamen size \u00f6zel bir proje ile yan\u0131n\u0131zday\u0131z.<\/p>\n<p>Proje detaylar\u0131 i\u00e7in galerimizi inceleyebilir veya deneyimli personelimizle sizleri sat\u0131\u015f ofisimizde a\u011f\u0131rlamaktan mutluluk duyar\u0131z.[\/vc_column_text][\/vc_column][\/vc_row]<\/p>\n","protected":false},"excerpt":{"rendered":"<p>[vc_row][vc_column width=&#8221;1\/6&#8243;][vc_btn title=&#8221;D\u0131\u015f Cephe&#8221; color=&#8221;black&#8221; link=&#8221;url:http%3A%2F%2Fwww.seleksaninsaat.com%2Floftdiscephe3|title:DI%C5%9E%20CEPHE||&#8221;][\/vc_column][vc_column width=&#8221;1\/6&#8243;][vc_btn title=&#8221;\u0130\u00e7 Mekan&#8221; color=&#8221;black&#8221; link=&#8221;url:http%3A%2F%2Fwww.seleksaninsaat.com%2Floftdiscephe%2Flofticmekan%2F|title:DI%C5%9E%20CEPHE||&#8221;][\/vc_column][vc_column width=&#8221;1\/6&#8243;][vc_btn title=&#8221;Kat Planlar\u0131&#8221; color=&#8221;black&#8221; link=&#8221;url:http%3A%2F%2Fwww.seleksaninsaat.com%2Floftplan|title:DI%C5%9E%20CEPHE||&#8221;][\/vc_column][vc_column width=&#8221;1\/6&#8243;][vc_btn title=&#8221;Sosyal Alanlar&#8221; color=&#8221;black&#8221; link=&#8221;url:http%3A%2F%2Fwww.seleksaninsaat.com%2Floftsosyal2|title:Sosyal||&#8221;][\/vc_column][vc_column width=&#8221;1\/6&#8243;][vc_btn title=&#8221;Konum&#8221; color=&#8221;black&#8221; link=&#8221;url:http%3A%2F%2Fwww.seleksaninsaat.com%2Floftkonum|title:Sosyal||&#8221;][\/vc_column][vc_column width=&#8221;1\/6&#8243;][\/vc_column][\/vc_row][vc_row][vc_column width=&#8221;1\/2&#8243;][vc_single_image image=&#8221;1028&#8243; img_size=&#8221;large&#8221; onclick=&#8221;link_image&#8221;][\/vc_column][vc_column width=&#8221;1\/2&#8243;][vc_column_text]214 Daire, 1000 m2 Kapal\u0131 sosyal tesis ve 4500 m2 a\u00e7\u0131k sosyal alanlar\u0131 ile 4&hellip;<\/p>\n","protected":false},"author":1,"featured_media":1016,"parent":0,"menu_order":0,"comment_status":"closed","ping_status":"closed","template":"","meta":{"footnotes":""},"class_list":["post-147","page","type-page","status-publish","has-post-thumbnail","hentry"],"_links":{"self":[{"href":"https:\/\/www.seleksaninsaat.com\/index.php?rest_route=\/wp\/v2\/pages\/147","targetHints":{"allow":["GET"]}}],"collection":[{"href":"https:\/\/www.seleksaninsaat.com\/index.php?rest_route=\/wp\/v2\/pages"}],"about":[{"href":"https:\/\/www.seleksaninsaat.com\/index.php?rest_route=\/wp\/v2\/types\/page"}],"author":[{"embeddable":true,"href":"https:\/\/www.seleksaninsaat.com\/index.php?rest_route=\/wp\/v2\/users\/1"}],"replies":[{"embeddable":true,"href":"https:\/\/www.seleksaninsaat.com\/index.php?rest_route=%2Fwp%2Fv2%2Fcomments&post=147"}],"version-history":[{"count":16,"href":"https:\/\/www.seleksaninsaat.com\/index.php?rest_route=\/wp\/v2\/pages\/147\/revisions"}],"predecessor-version":[{"id":1293,"href":"https:\/\/www.seleksaninsaat.com\/index.php?rest_route=\/wp\/v2\/pages\/147\/revisions\/1293"}],"wp:featuredmedia":[{"embeddable":true,"href":"https:\/\/www.seleksaninsaat.com\/index.php?rest_route=\/wp\/v2\/media\/1016"}],"wp:attachment":[{"href":"https:\/\/www.seleksaninsaat.com\/index.php?rest_route=%2Fwp%2Fv2%2Fmedia&parent=147"}],"curies":[{"name":"wp","href":"https:\/\/api.w.org\/{rel}","templated":true}]}}