{"id":151,"date":"2017-01-10T15:59:45","date_gmt":"2017-01-10T12:59:45","guid":{"rendered":"http:\/\/www.seleksaninsaat.com\/?page_id=151"},"modified":"2018-07-30T18:59:19","modified_gmt":"2018-07-30T15:59:19","slug":"loftavm2","status":"publish","type":"page","link":"https:\/\/www.seleksaninsaat.com\/?page_id=151","title":{"rendered":"Seleksan Loft AVM"},"content":{"rendered":"<p>[vc_row][vc_column width=&#8221;2\/3&#8243;][vc_single_image image=&#8221;1038&#8243; img_size=&#8221;full&#8221; onclick=&#8221;link_image&#8221;][\/vc_column][vc_column width=&#8221;1\/3&#8243;][vc_column_text]SELEKSAN LOFT AVM<\/p>\n<p>Antalya \u2018n\u0131n parlayan y\u0131ld\u0131z\u0131 Masa Da\u011f\u0131 \u2018nda yap\u0131lacak olan AVM ile hem zaman\u0131m\u0131z kalitelenecek, hem d\u00fcnya markalar\u0131 aya\u011f\u0131n\u0131za gelecek, \u00fcstelik \u00e7ok uygun ve ekonomik fiyatlar ile t\u00fcm ihtiya\u00e7lar\u0131n\u0131z\u0131 tek bir noktadan kar\u015f\u0131laman\u0131n avantaj\u0131n\u0131 ya\u015fayacaks\u0131n\u0131z\u2026[\/vc_column_text][\/vc_column][\/vc_row][vc_row][vc_column][vc_empty_space hide_on_mobile=&#8221;&#8221;][\/vc_column][\/vc_row][vc_row][vc_column width=&#8221;1\/3&#8243;][vc_single_image image=&#8221;1312&#8243; img_size=&#8221;full&#8221; onclick=&#8221;link_image&#8221;][\/vc_column][vc_column width=&#8221;1\/3&#8243;][vc_column_text]T\u00dcM \u0130HT\u0130YA\u00c7LARINIZ TEK NOKTADA\u2026<\/p>\n<p>Ayr\u0131ca kapasitesi ve b\u00fcy\u00fckl\u00fc\u011f\u00fc ile ad\u0131 ve kalitesinden T\u00fcrkiye genelinde s\u00f6z ettirecek olan SELEKSAN LOFT AVM e\u015fsiz lezzetlerin, \u015f\u0131kl\u0131\u011f\u0131n ve tarz\u0131n yeni adresi olmaya aday\u2026<\/p>\n<p>&nbsp;<\/p>\n<p>&nbsp;[\/vc_column_text][\/vc_column][vc_column width=&#8221;1\/3&#8243;][vc_single_image image=&#8221;1317&#8243; img_size=&#8221;full&#8221; onclick=&#8221;link_image&#8221;][\/vc_column][\/vc_row][vc_row][vc_column][vc_column_text]\u015eEHR\u0130N MERKEZ\u0130 YER DE\u011e\u0130\u015eT\u0130R\u0130YOR<\/p>\n<p>Avantajl\u0131 fiyatlar, d\u00fcnya markalar\u0131, e\u015fsiz tasar\u0131m, ferah ve konforlu mimari, zaman\u0131 kalitelendiren e\u011flence merkezi, d\u00fcnya standart\u0131nda sinema salonlar\u0131, arad\u0131\u011f\u0131n\u0131z her\u015feyi bulabilece\u011finiz marka ppotansiyeli, temiz, hijyenik ve ergonomik mekanlar ve daha bir \u00e7o\u011fu ile al\u0131\u015fveri\u015fin tad\u0131n\u0131 \u00e7\u0131karacaks\u0131n\u0131z\u2026[\/vc_column_text][\/vc_column][\/vc_row][vc_row][vc_column][vc_empty_space hide_on_mobile=&#8221;&#8221;][\/vc_column][\/vc_row][vc_row][vc_column][vc_single_image image=&#8221;1313&#8243; img_size=&#8221;full&#8221; onclick=&#8221;link_image&#8221;][\/vc_column][\/vc_row][vc_row][vc_column][vc_empty_space hide_on_mobile=&#8221;&#8221;][\/vc_column][\/vc_row][vc_row][vc_column][vc_column_text]Lansman \u00f6ncesi Sat\u0131\u015f Avantajlar\u0131;<\/p>\n<ul>\n<li>Kira Garantisi; Profesyonel AVM sistemi kurup kiralamay\u0131 biz yap\u0131yoruz. Kiralama a\u015famas\u0131na kadar kiran\u0131z\u0131 biz \u00f6d\u00fcyoruz.<\/li>\n<li>Geri Alma Garantisi; Sat\u0131n ald\u0131\u011f\u0131n\u0131z d\u00fckkan\u0131 \u015fantiye bitiminde karl\u0131 bir \u015fekilde geri alma garantisi veriyoruz.<\/li>\n<li>Vade Fark\u0131 YOK; Sat\u0131n ald\u0131\u011f\u0131n\u0131z d\u00fckkan\u0131 isterseniz b\u00fcnyemizdeki faizsiz uzun vade se\u00e7eneklerinden faydalanarak alabilirsiniz.<\/li>\n<\/ul>\n<p>&nbsp;<\/p>\n<p>Proje detaylar\u0131 i\u00e7in galerimizi inceleyebilir veya deneyimli personelimizle sizleri say\u0131\u015f ofisimizde a\u011f\u0131rlamaktan mutluluk duyar\u0131z.[\/vc_column_text][\/vc_column][\/vc_row][vc_row][vc_column][vc_empty_space hide_on_mobile=&#8221;&#8221;][\/vc_column][\/vc_row][vc_row][vc_column width=&#8221;2\/3&#8243;][vc_gmaps link=&#8221;#E-8_JTNDaWZyYW1lJTIwc3JjJTNEJTIyaHR0cHMlM0ElMkYlMkZ3d3cuZ29vZ2xlLmNvbSUyRm1hcHMlMkZlbWJlZCUzRnBiJTNEJTIxMW0xNCUyMTFtOCUyMTFtMyUyMTFkMzE4OC41Nzc0OTUzMTgxODA0JTIxMmQzMC42Nzc5ODc4NzExNjM5NCUyMTNkMzYuOTQ4MjYyMzIzODk5OTUlMjEzbTIlMjExaTEwMjQlMjEyaTc2OCUyMTRmMTMuMSUyMTNtMyUyMTFtMiUyMTFzMHgxNGMzOGYxMDZmZGM0OWE5JTI1M0EweDNmMWFmNjE3ZWNjYzcxY2IlMjEyc0F0YWtlbnQlMkJTaXRlc2klMjE1ZTAlMjEzbTIlMjExc3RyJTIxMnN0ciUyMTR2MTUzMDExNzMyNDM4NSUyMiUyMHdpZHRoJTNEJTIyNjAwJTIyJTIwaGVpZ2h0JTNEJTIyNDUwJTIyJTIwZnJhbWVib3JkZXIlM0QlMjIwJTIyJTIwc3R5bGUlM0QlMjJib3JkZXIlM0EwJTIyJTIwYWxsb3dmdWxsc2NyZWVuJTNFJTNDJTJGaWZyYW1lJTNF&#8221;][\/vc_column][vc_column width=&#8221;1\/3&#8243;][vc_single_image image=&#8221;1216&#8243; img_size=&#8221;full&#8221; onclick=&#8221;link_image&#8221;][\/vc_column][\/vc_row]<\/p>\n","protected":false},"excerpt":{"rendered":"<p>[vc_row][vc_column width=&#8221;2\/3&#8243;][vc_single_image image=&#8221;1038&#8243; img_size=&#8221;full&#8221; onclick=&#8221;link_image&#8221;][\/vc_column][vc_column width=&#8221;1\/3&#8243;][vc_column_text]SELEKSAN LOFT AVM Antalya \u2018n\u0131n parlayan y\u0131ld\u0131z\u0131 Masa Da\u011f\u0131 \u2018nda yap\u0131lacak olan AVM ile hem zaman\u0131m\u0131z kalitelenecek, hem d\u00fcnya markalar\u0131 aya\u011f\u0131n\u0131za gelecek, \u00fcstelik \u00e7ok uygun ve ekonomik fiyatlar ile t\u00fcm ihtiya\u00e7lar\u0131n\u0131z\u0131 tek bir noktadan kar\u015f\u0131laman\u0131n avantaj\u0131n\u0131 ya\u015fayacaks\u0131n\u0131z\u2026[\/vc_column_text][\/vc_column][\/vc_row][vc_row][vc_column][vc_empty_space hide_on_mobile=&#8221;&#8221;][\/vc_column][\/vc_row][vc_row][vc_column width=&#8221;1\/3&#8243;][vc_single_image image=&#8221;1312&#8243;&hellip;<\/p>\n","protected":false},"author":1,"featured_media":0,"parent":0,"menu_order":0,"comment_status":"closed","ping_status":"closed","template":"","meta":{"footnotes":""},"class_list":["post-151","page","type-page","status-publish","hentry"],"_links":{"self":[{"href":"https:\/\/www.seleksaninsaat.com\/index.php?rest_route=\/wp\/v2\/pages\/151","targetHints":{"allow":["GET"]}}],"collection":[{"href":"https:\/\/www.seleksaninsaat.com\/index.php?rest_route=\/wp\/v2\/pages"}],"about":[{"href":"https:\/\/www.seleksaninsaat.com\/index.php?rest_route=\/wp\/v2\/types\/page"}],"author":[{"embeddable":true,"href":"https:\/\/www.seleksaninsaat.com\/index.php?rest_route=\/wp\/v2\/users\/1"}],"replies":[{"embeddable":true,"href":"https:\/\/www.seleksaninsaat.com\/index.php?rest_route=%2Fwp%2Fv2%2Fcomments&post=151"}],"version-history":[{"count":5,"href":"https:\/\/www.seleksaninsaat.com\/index.php?rest_route=\/wp\/v2\/pages\/151\/revisions"}],"predecessor-version":[{"id":1321,"href":"https:\/\/www.seleksaninsaat.com\/index.php?rest_route=\/wp\/v2\/pages\/151\/revisions\/1321"}],"wp:attachment":[{"href":"https:\/\/www.seleksaninsaat.com\/index.php?rest_route=%2Fwp%2Fv2%2Fmedia&parent=151"}],"curies":[{"name":"wp","href":"https:\/\/api.w.org\/{rel}","templated":true}]}}