{"id":261,"date":"2017-01-12T13:38:24","date_gmt":"2017-01-12T10:38:24","guid":{"rendered":"http:\/\/www.seleksaninsaat.com\/?page_id=261"},"modified":"2020-09-05T16:47:17","modified_gmt":"2020-09-05T13:47:17","slug":"hakkimizda","status":"publish","type":"page","link":"https:\/\/www.seleksaninsaat.com\/?page_id=261","title":{"rendered":"HAKKIMIZDA"},"content":{"rendered":"<p>[vc_row][vc_column][vc_empty_space hide_on_mobile=&#8221;1&#8243;][vc_empty_space height=&#8221;0.35em&#8221; alter_height=&#8221;none&#8221; hide_on_mobile=&#8221;&#8221;][\/vc_column][\/vc_row][vc_row][vc_column width=&#8221;2\/3&#8243; el_class=&#8221;remove_margin_mobile&#8221; css=&#8221;.vc_custom_1486030015283{padding-right: 101px !important;}&#8221;][vc_empty_space height=&#8221;1.5em&#8221; alter_height=&#8221;none&#8221; hide_on_mobile=&#8221;&#8221;][vc_custom_heading text=&#8221;SELEKSAN \u0130N\u015eAAT&#8221; font_container=&#8221;tag:h6|font_size:12px|text_align:left|color:%23f20000|line_height:0.8em&#8221; use_theme_fonts=&#8221;yes&#8221; css=&#8221;.vc_custom_1530006017722{margin-top: 0px !important;margin-bottom: 0px !important;}&#8221;][vc_empty_space height=&#8221;2.15em&#8221; alter_height=&#8221;none&#8221; hide_on_mobile=&#8221;&#8221;][vc_custom_heading text=&#8221;<b>HAKKIMIZDA<\/b>&#8221; font_container=&#8221;tag:h1|text_align:left&#8221; use_theme_fonts=&#8221;yes&#8221; css=&#8221;.vc_custom_1530006121627{margin-top: 0px !important;margin-bottom: 0px !important;}&#8221;][vc_empty_space height=&#8221;2.75em&#8221; alter_height=&#8221;none&#8221; hide_on_mobile=&#8221;&#8221;][vc_column_text]\u00a0Seleksan \u0130n\u015faat; y\u00fcksek teknolojili in\u015faat uygulamalar\u0131ndaki ba\u015far\u0131s\u0131 ve proje y\u00f6netimindeki deneyimi ile sekt\u00f6r\u00fcnde tercih edilen \u015firketler aras\u0131ndad\u0131r.<\/p>\n<p>Amac\u0131m\u0131z y\u00fcklendi\u011fimiz her t\u00fcrl\u00fc projeyi zaman\u0131nda, kaliteli i\u015f\u00e7ilik ve i\u015f g\u00fcvenli\u011finin gerektirdi\u011fi kurallara uyarak tamamlamakt\u0131r. Kar\u015f\u0131l\u0131kl\u0131 g\u00fcven ve d\u00fcr\u00fcstl\u00fck ilkesini benimseyen Seleksan \u0130n\u015faat, m\u00fc\u015fteri memnuniyetini en \u00fcst d\u00fczeyde tutmay\u0131 hedeflemektedir.<\/p>\n<p>\u0130\u015f yerimiz; deneyimli ekibiyle m\u00fc\u015fterisini ayn\u0131 \u00e7at\u0131 alt\u0131nda birle\u015ftiren profesyonel bir in\u015faat, yat\u0131r\u0131m ve finans \u015firketidir. Hem uzun hem de k\u0131sa vadede size makul yat\u0131r\u0131m olanaklar\u0131n\u0131 sa\u011flamak bizim vazifemizdir.<\/p>\n<p>T\u00fcm bu in\u015faat deneyimlerimiz ve ge\u00e7mi\u015fimizin kalitesi ile sizleri bulu\u015fturarak, kar\u015f\u0131l\u0131kl\u0131 maksimum d\u00fczeyde fayda sa\u011flamay\u0131 kendimize g\u00f6rev edinmi\u015f durumday\u0131z.[\/vc_column_text][vc_empty_space height=&#8221;1.5em&#8221; alter_height=&#8221;none&#8221; hide_on_mobile=&#8221;1&#8243;][vc_empty_space height=&#8221;2em&#8221; alter_height=&#8221;none&#8221; hide_on_mobile=&#8221;&#8221;][vc_empty_space height=&#8221;3.2em&#8221; alter_height=&#8221;none&#8221; hide_on_mobile=&#8221;&#8221;][\/vc_column][vc_column width=&#8221;1\/3&#8243;][vc_single_image image=&#8221;1087&#8243; img_size=&#8221;full&#8221; alignment=&#8221;center&#8221;][vc_empty_space height=&#8221;3.2em&#8221; alter_height=&#8221;none&#8221; hide_on_mobile=&#8221;&#8221;][\/vc_column][\/vc_row][vc_row][vc_column][\/vc_column][\/vc_row]<\/p>\n","protected":false},"excerpt":{"rendered":"<p>[vc_row][vc_column][vc_empty_space hide_on_mobile=&#8221;1&#8243;][vc_empty_space height=&#8221;0.35em&#8221; alter_height=&#8221;none&#8221; hide_on_mobile=&#8221;&#8221;][\/vc_column][\/vc_row][vc_row][vc_column width=&#8221;2\/3&#8243; el_class=&#8221;remove_margin_mobile&#8221; css=&#8221;.vc_custom_1486030015283{padding-right: 101px !important;}&#8221;][vc_empty_space height=&#8221;1.5em&#8221; alter_height=&#8221;none&#8221; hide_on_mobile=&#8221;&#8221;][vc_custom_heading text=&#8221;SELEKSAN \u0130N\u015eAAT&#8221; font_container=&#8221;tag:h6|font_size:12px|text_align:left|color:%23f20000|line_height:0.8em&#8221; use_theme_fonts=&#8221;yes&#8221; css=&#8221;.vc_custom_1530006017722{margin-top: 0px !important;margin-bottom: 0px !important;}&#8221;][vc_empty_space height=&#8221;2.15em&#8221; alter_height=&#8221;none&#8221; hide_on_mobile=&#8221;&#8221;][vc_custom_heading text=&#8221;HAKKIMIZDA&#8221; font_container=&#8221;tag:h1|text_align:left&#8221; use_theme_fonts=&#8221;yes&#8221; css=&#8221;.vc_custom_1530006121627{margin-top: 0px !important;margin-bottom: 0px !important;}&#8221;][vc_empty_space height=&#8221;2.75em&#8221; alter_height=&#8221;none&#8221; hide_on_mobile=&#8221;&#8221;][vc_column_text]\u00a0Seleksan \u0130n\u015faat; y\u00fcksek teknolojili in\u015faat uygulamalar\u0131ndaki ba\u015far\u0131s\u0131 ve proje y\u00f6netimindeki&hellip;<\/p>\n","protected":false},"author":1,"featured_media":0,"parent":0,"menu_order":0,"comment_status":"closed","ping_status":"closed","template":"","meta":{"footnotes":""},"class_list":["post-261","page","type-page","status-publish","hentry"],"_links":{"self":[{"href":"https:\/\/www.seleksaninsaat.com\/index.php?rest_route=\/wp\/v2\/pages\/261","targetHints":{"allow":["GET"]}}],"collection":[{"href":"https:\/\/www.seleksaninsaat.com\/index.php?rest_route=\/wp\/v2\/pages"}],"about":[{"href":"https:\/\/www.seleksaninsaat.com\/index.php?rest_route=\/wp\/v2\/types\/page"}],"author":[{"embeddable":true,"href":"https:\/\/www.seleksaninsaat.com\/index.php?rest_route=\/wp\/v2\/users\/1"}],"replies":[{"embeddable":true,"href":"https:\/\/www.seleksaninsaat.com\/index.php?rest_route=%2Fwp%2Fv2%2Fcomments&post=261"}],"version-history":[{"count":7,"href":"https:\/\/www.seleksaninsaat.com\/index.php?rest_route=\/wp\/v2\/pages\/261\/revisions"}],"predecessor-version":[{"id":1363,"href":"https:\/\/www.seleksaninsaat.com\/index.php?rest_route=\/wp\/v2\/pages\/261\/revisions\/1363"}],"wp:attachment":[{"href":"https:\/\/www.seleksaninsaat.com\/index.php?rest_route=%2Fwp%2Fv2%2Fmedia&parent=261"}],"curies":[{"name":"wp","href":"https:\/\/api.w.org\/{rel}","templated":true}]}}